{"id":417,"date":"2022-09-03T19:31:37","date_gmt":"2022-09-03T19:31:37","guid":{"rendered":"https:\/\/marisaleal.pt\/?page_id=417"},"modified":"2022-09-03T19:38:01","modified_gmt":"2022-09-03T19:38:01","slug":"consentimento-de-dados-pessoais","status":"publish","type":"page","link":"https:\/\/marisaleal.pt\/?page_id=417","title":{"rendered":"Consentimento de Dados Pessoais"},"content":{"rendered":"\t\t<div data-elementor-type=\"wp-page\" data-elementor-id=\"417\" class=\"elementor elementor-417\">\n\t\t\t\t\t\t<section class=\"elementor-section elementor-top-section elementor-element elementor-element-3f9eb3d elementor-section-boxed elementor-section-height-default elementor-section-height-default\" data-id=\"3f9eb3d\" data-element_type=\"section\" data-e-type=\"section\">\n\t\t\t\t\t\t<div class=\"elementor-container elementor-column-gap-default\">\n\t\t\t\t\t<div class=\"elementor-column elementor-col-100 elementor-top-column elementor-element elementor-element-73bd0e5\" data-id=\"73bd0e5\" data-element_type=\"column\" data-e-type=\"column\">\n\t\t\t<div class=\"elementor-widget-wrap elementor-element-populated\">\n\t\t\t\t\t\t<div class=\"elementor-element elementor-element-9cb1e7f elementor-widget elementor-widget-wpforms\" data-id=\"9cb1e7f\" data-element_type=\"widget\" data-e-type=\"widget\" data-widget_type=\"wpforms.default\">\n\t\t\t\t<div class=\"elementor-widget-container\">\n\t\t\t\t\t<div class=\"wpforms-container wpforms-container-full\" id=\"wpforms-406\"><form id=\"wpforms-form-406\" class=\"wpforms-validate wpforms-form wpforms-ajax-form\" data-formid=\"406\" method=\"post\" enctype=\"multipart\/form-data\" action=\"\/index.php?rest_route=%2Fwp%2Fv2%2Fpages%2F417\" data-token=\"5736580729317dace12fd1e3146452d7\" data-token-time=\"1777304892\"><noscript class=\"wpforms-error-noscript\">Please enable JavaScript in your browser to complete this form.<\/noscript><div class=\"wpforms-field-container\"><div id=\"wpforms-406-field_1-container\" class=\"wpforms-field wpforms-field-name\" data-field-id=\"1\"><label class=\"wpforms-field-label\" for=\"wpforms-406-field_1\">Nome e Apelido <span class=\"wpforms-required-label\">*<\/span><\/label><div class=\"wpforms-field-row wpforms-field-medium\"><div class=\"wpforms-field-row-block wpforms-first wpforms-one-half\"><input type=\"text\" id=\"wpforms-406-field_1\" class=\"wpforms-field-name-first wpforms-field-required\" name=\"wpforms[fields][1][first]\" required><label for=\"wpforms-406-field_1\" class=\"wpforms-field-sublabel after wpforms-sublabel-hide\">First<\/label><\/div><div class=\"wpforms-field-row-block wpforms-one-half\"><input type=\"text\" id=\"wpforms-406-field_1-last\" class=\"wpforms-field-name-last wpforms-field-required\" name=\"wpforms[fields][1][last]\" required><label for=\"wpforms-406-field_1-last\" class=\"wpforms-field-sublabel after wpforms-sublabel-hide\">Last<\/label><\/div><\/div><\/div><div id=\"wpforms-406-field_2-container\" class=\"wpforms-field wpforms-field-email\" data-field-id=\"2\"><label class=\"wpforms-field-label\" for=\"wpforms-406-field_2\">Email <span class=\"wpforms-required-label\">*<\/span><\/label><input type=\"email\" id=\"wpforms-406-field_2\" class=\"wpforms-field-medium wpforms-field-required\" name=\"wpforms[fields][2]\" spellcheck=\"false\" required><\/div><div id=\"wpforms-406-field_3-container\" class=\"wpforms-field wpforms-field-checkbox\" data-field-id=\"3\"><label class=\"wpforms-field-label\">Escolha a op\u00e7\u00e3o(\u00f5es) mais adequada!<\/label><ul id=\"wpforms-406-field_3\"><li class=\"choice-1 depth-1\"><input type=\"checkbox\" id=\"wpforms-406-field_3_1\" name=\"wpforms[fields][3][]\" value=\"Pretendo dar o meu consentimento para receber comunica\u00e7\u00f5es dos nossos servi\u00e7os\/ produtos atrav\u00e9s de e-mail\"  ><label class=\"wpforms-field-label-inline\" for=\"wpforms-406-field_3_1\">Pretendo dar o meu consentimento para receber comunica\u00e7\u00f5es dos nossos servi\u00e7os\/ produtos atrav\u00e9s de e-mail<\/label><\/li><li class=\"choice-2 depth-1\"><input type=\"checkbox\" id=\"wpforms-406-field_3_2\" name=\"wpforms[fields][3][]\" value=\"Consultar os meus dados\"  ><label class=\"wpforms-field-label-inline\" for=\"wpforms-406-field_3_2\">Consultar os meus dados<\/label><\/li><li class=\"choice-3 depth-1\"><input type=\"checkbox\" id=\"wpforms-406-field_3_3\" name=\"wpforms[fields][3][]\" value=\"Retificar os meus dados\"  ><label class=\"wpforms-field-label-inline\" for=\"wpforms-406-field_3_3\">Retificar os meus dados<\/label><\/li><li class=\"choice-4 depth-1\"><input type=\"checkbox\" id=\"wpforms-406-field_3_4\" name=\"wpforms[fields][3][]\" value=\"Solicitar a portabilidade dos meus dados\"  ><label class=\"wpforms-field-label-inline\" for=\"wpforms-406-field_3_4\">Solicitar a portabilidade dos meus dados<\/label><\/li><li class=\"choice-5 depth-1\"><input type=\"checkbox\" id=\"wpforms-406-field_3_5\" name=\"wpforms[fields][3][]\" value=\"Solicitar a elimina\u00e7\u00e3o dos meus dados\"  ><label class=\"wpforms-field-label-inline\" for=\"wpforms-406-field_3_5\">Solicitar a elimina\u00e7\u00e3o dos meus dados<\/label><\/li><li class=\"choice-6 depth-1\"><input type=\"checkbox\" id=\"wpforms-406-field_3_6\" name=\"wpforms[fields][3][]\" value=\"Deixar de receber comunica\u00e7\u00f5es de marketing\"  ><label class=\"wpforms-field-label-inline\" for=\"wpforms-406-field_3_6\">Deixar de receber comunica\u00e7\u00f5es de marketing<\/label><\/li><\/ul><\/div><\/div><!-- .wpforms-field-container --><div class=\"wpforms-submit-container\" ><input type=\"hidden\" name=\"wpforms[id]\" value=\"406\"><input type=\"hidden\" name=\"page_title\" value=\"\"><input type=\"hidden\" name=\"page_url\" value=\"https:\/\/marisaleal.pt\/index.php?rest_route=\/wp\/v2\/pages\/417\"><input type=\"hidden\" name=\"url_referer\" value=\"\"><button type=\"submit\" name=\"wpforms[submit]\" id=\"wpforms-submit-406\" class=\"wpforms-submit\" data-alt-text=\"A enviar...\" data-submit-text=\"Enviar\" aria-live=\"assertive\" value=\"wpforms-submit\">Enviar<\/button><img decoding=\"async\" src=\"https:\/\/marisaleal.pt\/wp-content\/plugins\/wpforms-lite\/assets\/images\/submit-spin.svg\" class=\"wpforms-submit-spinner\" style=\"display: none;\" width=\"26\" height=\"26\" alt=\"Loading\"><\/div><\/form><\/div>  <!-- .wpforms-container -->\t\t\t\t<\/div>\n\t\t\t\t<\/div>\n\t\t\t\t\t<\/div>\n\t\t<\/div>\n\t\t\t\t\t<\/div>\n\t\t<\/section>\n\t\t\t\t<section class=\"elementor-section elementor-top-section elementor-element elementor-element-a129af4 elementor-section-boxed elementor-section-height-default elementor-section-height-default\" data-id=\"a129af4\" data-element_type=\"section\" data-e-type=\"section\">\n\t\t\t\t\t\t<div class=\"elementor-container elementor-column-gap-default\">\n\t\t\t\t\t<div class=\"elementor-column elementor-col-100 elementor-top-column elementor-element elementor-element-5210efd\" data-id=\"5210efd\" data-element_type=\"column\" data-e-type=\"column\">\n\t\t\t<div class=\"elementor-widget-wrap elementor-element-populated\">\n\t\t\t\t\t\t<div class=\"elementor-element elementor-element-bc64b99 elementor-widget elementor-widget-text-editor\" data-id=\"bc64b99\" data-element_type=\"widget\" data-e-type=\"widget\" data-widget_type=\"text-editor.default\">\n\t\t\t\t<div class=\"elementor-widget-container\">\n\t\t\t\t\t\t\t\t\t<em style=\"color: #777777; font-family: Raleway, Arial, sans-serif; font-size: 15px; letter-spacing: 0.3px;\">Pode tamb\u00e9m consultar a nossa\u00a0Pol\u00edtica\u00a0de Cookies\u00a0e\u00a0a\u00a0Pol\u00edtica\u00a0de\u00a0Privacidade\u00a0<a style=\"color: #19660c; outline: none; border: none;\" href=\"https:\/\/marisaleal.pt\/?page_id=3\">aqui<\/a>.<\/em>\t\t\t\t\t\t\t\t<\/div>\n\t\t\t\t<\/div>\n\t\t\t\t\t<\/div>\n\t\t<\/div>\n\t\t\t\t\t<\/div>\n\t\t<\/section>\n\t\t\t\t<\/div>\n\t\t","protected":false},"excerpt":{"rendered":"<p>Pode tamb\u00e9m consultar a nossa\u00a0Pol\u00edtica\u00a0de Cookies\u00a0e\u00a0a\u00a0Pol\u00edtica\u00a0de\u00a0Privacidade\u00a0aqui.<\/p>\n","protected":false},"author":1,"featured_media":429,"parent":0,"menu_order":0,"comment_status":"closed","ping_status":"closed","template":"","meta":{"inspiro_hide_title":false,"footnotes":""},"class_list":["post-417","page","type-page","status-publish","has-post-thumbnail","hentry"],"featured_media_urls":{"thumbnail":["https:\/\/marisaleal.pt\/wp-content\/uploads\/2022\/09\/privacidade-150x150.jpg",150,150,true],"medium":["https:\/\/marisaleal.pt\/wp-content\/uploads\/2022\/09\/privacidade-300x199.jpg",300,199,true],"medium_large":["https:\/\/marisaleal.pt\/wp-content\/uploads\/2022\/09\/privacidade-768x511.jpg",768,511,true],"large":["https:\/\/marisaleal.pt\/wp-content\/uploads\/2022\/09\/privacidade-1024x681.jpg",950,632,true],"1536x1536":["https:\/\/marisaleal.pt\/wp-content\/uploads\/2022\/09\/privacidade-1536x1021.jpg",1536,1021,true],"2048x2048":["https:\/\/marisaleal.pt\/wp-content\/uploads\/2022\/09\/privacidade-2048x1362.jpg",2048,1362,true],"inspiro-featured-image":["https:\/\/marisaleal.pt\/wp-content\/uploads\/2022\/09\/privacidade-2000x1330.jpg",2000,1330,true],"inspiro-loop":["https:\/\/marisaleal.pt\/wp-content\/uploads\/2022\/09\/privacidade-950x320.jpg",950,320,true],"inspiro-loop@2x":["https:\/\/marisaleal.pt\/wp-content\/uploads\/2022\/09\/privacidade-1900x640.jpg",1900,640,true],"portfolio_item-thumbnail":["https:\/\/marisaleal.pt\/wp-content\/uploads\/2022\/09\/privacidade-600x400.jpg",600,400,true],"portfolio_item-thumbnail@2x":["https:\/\/marisaleal.pt\/wp-content\/uploads\/2022\/09\/privacidade-scaled-1200x800.jpg",1200,800,true],"portfolio_item-masonry":["https:\/\/marisaleal.pt\/wp-content\/uploads\/2022\/09\/privacidade-600x399.jpg",600,399,true],"portfolio_item-masonry@2x":["https:\/\/marisaleal.pt\/wp-content\/uploads\/2022\/09\/privacidade-scaled-1200x798.jpg",1200,798,true],"portfolio_item-thumbnail_cinema":["https:\/\/marisaleal.pt\/wp-content\/uploads\/2022\/09\/privacidade-800x335.jpg",800,335,true],"portfolio_item-thumbnail_portrait":["https:\/\/marisaleal.pt\/wp-content\/uploads\/2022\/09\/privacidade-600x900.jpg",600,900,true],"portfolio_item-thumbnail_portrait@2x":["https:\/\/marisaleal.pt\/wp-content\/uploads\/2022\/09\/privacidade-scaled-1200x1702.jpg",1200,1702,true],"portfolio_item-thumbnail_square":["https:\/\/marisaleal.pt\/wp-content\/uploads\/2022\/09\/privacidade-800x800.jpg",800,800,true]},"_links":{"self":[{"href":"https:\/\/marisaleal.pt\/index.php?rest_route=\/wp\/v2\/pages\/417","targetHints":{"allow":["GET"]}}],"collection":[{"href":"https:\/\/marisaleal.pt\/index.php?rest_route=\/wp\/v2\/pages"}],"about":[{"href":"https:\/\/marisaleal.pt\/index.php?rest_route=\/wp\/v2\/types\/page"}],"author":[{"embeddable":true,"href":"https:\/\/marisaleal.pt\/index.php?rest_route=\/wp\/v2\/users\/1"}],"replies":[{"embeddable":true,"href":"https:\/\/marisaleal.pt\/index.php?rest_route=%2Fwp%2Fv2%2Fcomments&post=417"}],"version-history":[{"count":7,"href":"https:\/\/marisaleal.pt\/index.php?rest_route=\/wp\/v2\/pages\/417\/revisions"}],"predecessor-version":[{"id":432,"href":"https:\/\/marisaleal.pt\/index.php?rest_route=\/wp\/v2\/pages\/417\/revisions\/432"}],"wp:featuredmedia":[{"embeddable":true,"href":"https:\/\/marisaleal.pt\/index.php?rest_route=\/wp\/v2\/media\/429"}],"wp:attachment":[{"href":"https:\/\/marisaleal.pt\/index.php?rest_route=%2Fwp%2Fv2%2Fmedia&parent=417"}],"curies":[{"name":"wp","href":"https:\/\/api.w.org\/{rel}","templated":true}]}}